{"id":30393,"date":"2024-01-04T19:47:54","date_gmt":"2024-01-04T19:47:54","guid":{"rendered":"https:\/\/icaa.pt\/?page_id=30393"},"modified":"2025-03-05T19:56:10","modified_gmt":"2025-03-05T19:56:10","slug":"relatorios-anuais","status":"publish","type":"page","link":"https:\/\/icaa.pt\/en\/relatorios-anuais\/","title":{"rendered":"Annual Reports"},"content":{"rendered":"<p>[et_pb_section fb_built=&#8221;1&#8243; admin_label=&#8221;Title&#8221; _builder_version=&#8221;4.23&#8243; _module_preset=&#8221;default&#8221; background_color=&#8221;gcid-c5e5cc09-5d4f-4c97-9d5b-5ce8359efee6&#8243; custom_margin=&#8221;0px||0px||false|false&#8221; custom_padding=&#8221;20px||20px||false|false&#8221; locked=&#8221;off&#8221; global_colors_info=&#8221;{%22gcid-c5e5cc09-5d4f-4c97-9d5b-5ce8359efee6%22:%91%22background_color%22%93}&#8221; da_is_popup=&#8221;off&#8221; da_exit_intent=&#8221;off&#8221; da_has_close=&#8221;on&#8221; da_alt_close=&#8221;off&#8221; da_dark_close=&#8221;off&#8221; da_not_modal=&#8221;on&#8221; da_is_singular=&#8221;off&#8221; da_with_loader=&#8221;off&#8221; da_has_shadow=&#8221;on&#8221; da_disable_devices=&#8221;off|off|off&#8221;][et_pb_row _builder_version=&#8221;4.23&#8243; _module_preset=&#8221;default&#8221; custom_margin=&#8221;||||false|false&#8221; global_colors_info=&#8221;{}&#8221;][et_pb_column type=&#8221;4_4&#8243; _builder_version=&#8221;4.23&#8243; _module_preset=&#8221;default&#8221; global_colors_info=&#8221;{}&#8221;][et_pb_text _builder_version=&#8221;4.24.0&#8243; text_font=&#8221;||||||||&#8221; text_text_color=&#8221;#34ABD6&#8243; header_font=&#8221;||||||||&#8221; header_3_font=&#8221;Poppins|600|||||||&#8221; header_3_text_color=&#8221;#44d89e&#8221; header_3_font_size=&#8221;36px&#8221; header_3_line_height=&#8221;1.4em&#8221; global_colors_info=&#8221;{}&#8221;]<\/p>\n<h3 style=\"text-align: center;\"><span style=\"color: #ffffff;\">Relat\u00f3rios Anuais<br \/><\/span><\/h3>\n<p>[\/et_pb_text][\/et_pb_column][\/et_pb_row][\/et_pb_section][et_pb_section fb_built=&#8221;1&#8243; admin_label=&#8221;Our Teachers Section&#8221; _builder_version=&#8221;4.24.0&#8243; background_color=&#8221;#FFFFFF&#8221; custom_padding=&#8221;100px|0px|100px|0px|false|false&#8221; global_colors_info=&#8221;{}&#8221; da_is_popup=&#8221;off&#8221; da_exit_intent=&#8221;off&#8221; da_has_close=&#8221;on&#8221; da_alt_close=&#8221;off&#8221; da_dark_close=&#8221;off&#8221; da_not_modal=&#8221;on&#8221; da_is_singular=&#8221;off&#8221; da_with_loader=&#8221;off&#8221; da_has_shadow=&#8221;on&#8221; da_disable_devices=&#8221;off|off|off&#8221;][et_pb_row column_structure=&#8221;1_3,1_3,1_3&#8243; make_equal=&#8221;on&#8221; _builder_version=&#8221;4.24.0&#8243; _module_preset=&#8221;default&#8221; global_colors_info=&#8221;{}&#8221;][et_pb_column type=&#8221;1_3&#8243; _builder_version=&#8221;4.24.0&#8243; _module_preset=&#8221;default&#8221; global_colors_info=&#8221;{}&#8221;][et_pb_text _builder_version=&#8221;4.24.0&#8243; _module_preset=&#8221;default&#8221; text_font_size=&#8221;17px&#8221; header_2_text_color=&#8221;#34ABD6&#8243; custom_margin=&#8221;||50px||false|false&#8221; global_colors_info=&#8221;{}&#8221;]<\/p>\n<h2 style=\"text-align: center;\"><strong>Convocat\u00f3rias<br \/><\/strong><\/h2>\n<p>[\/et_pb_text][et_pb_button button_url=&#8221;https:\/\/icaa.pt\/ag-2025-convocatoria-assembleia-geral\/&#8221; url_new_window=&#8221;on&#8221; button_text=&#8221;Assembleia Geral 2025&#8243; button_alignment=&#8221;center&#8221; _builder_version=&#8221;4.27.4&#8243; _module_preset=&#8221;default&#8221; hover_enabled=&#8221;0&#8243; global_colors_info=&#8221;{}&#8221; sticky_enabled=&#8221;0&#8243;][\/et_pb_button][et_pb_button button_url=&#8221;https:\/\/icaa.pt\/ag-2024-convocatoria-assembleia-geral1\/&#8221; url_new_window=&#8221;on&#8221; button_text=&#8221;Assembleia Geral 2024&#8243; button_alignment=&#8221;center&#8221; _builder_version=&#8221;4.24.2&#8243; _module_preset=&#8221;default&#8221; global_colors_info=&#8221;{}&#8221;][\/et_pb_button][et_pb_button button_url=&#8221;https:\/\/icaa.pt\/ag-2023-convocatoria-assembleia-geral\/&#8221; url_new_window=&#8221;on&#8221; button_text=&#8221;Assembleia Geral 2023&#8243; button_alignment=&#8221;center&#8221; _builder_version=&#8221;4.24.0&#8243; _module_preset=&#8221;default&#8221; global_colors_info=&#8221;{}&#8221;][\/et_pb_button][et_pb_button button_url=&#8221;https:\/\/icaa.pt\/ag-2022-convocatoria-assembleia-geral\/&#8221; url_new_window=&#8221;on&#8221; button_text=&#8221;Assembleia Geral 2022&#8243; button_alignment=&#8221;center&#8221; _builder_version=&#8221;4.24.0&#8243; _module_preset=&#8221;default&#8221; global_colors_info=&#8221;{}&#8221;][\/et_pb_button][et_pb_button button_url=&#8221;https:\/\/icaa.pt\/ag-2021-convocatoria-assembleia-geral\/&#8221; url_new_window=&#8221;on&#8221; button_text=&#8221;Assembleia Geral 2021&#8243; button_alignment=&#8221;center&#8221; _builder_version=&#8221;4.24.0&#8243; _module_preset=&#8221;default&#8221; global_colors_info=&#8221;{}&#8221;][\/et_pb_button][et_pb_button button_url=&#8221;https:\/\/icaa.pt\/ag-2020-convocatoria-assembleia-geral\/&#8221; url_new_window=&#8221;on&#8221; button_text=&#8221;Assembleia Geral 2020&#8243; button_alignment=&#8221;center&#8221; _builder_version=&#8221;4.24.0&#8243; _module_preset=&#8221;default&#8221; global_colors_info=&#8221;{}&#8221;][\/et_pb_button][et_pb_button button_url=&#8221;https:\/\/icaa.pt\/ag-2019-convocatoria-assembleia-geral\/&#8221; url_new_window=&#8221;on&#8221; button_text=&#8221;Assembleia Geral 2019&#8243; button_alignment=&#8221;center&#8221; _builder_version=&#8221;4.24.0&#8243; _module_preset=&#8221;default&#8221; global_colors_info=&#8221;{}&#8221;][\/et_pb_button][et_pb_button button_url=&#8221;https:\/\/icaa.pt\/ag-2018-convocatoria-assembleia-geral\/&#8221; url_new_window=&#8221;on&#8221; button_text=&#8221;Assembleia Geral 2018&#8243; button_alignment=&#8221;center&#8221; _builder_version=&#8221;4.24.0&#8243; _module_preset=&#8221;default&#8221; global_colors_info=&#8221;{}&#8221;][\/et_pb_button][et_pb_button button_url=&#8221;https:\/\/icaa.pt\/ag-2017-convocatoria-assembleia-geral\/&#8221; url_new_window=&#8221;on&#8221; button_text=&#8221;Assembleia Geral 2017&#8243; button_alignment=&#8221;center&#8221; _builder_version=&#8221;4.24.0&#8243; _module_preset=&#8221;default&#8221; global_colors_info=&#8221;{}&#8221;][\/et_pb_button][et_pb_button button_url=&#8221;https:\/\/icaa.pt\/ag-2016-convocatoria-assembleia-geral\/&#8221; url_new_window=&#8221;on&#8221; button_text=&#8221;Assembleia Geral 2016&#8243; button_alignment=&#8221;center&#8221; _builder_version=&#8221;4.24.0&#8243; _module_preset=&#8221;default&#8221; global_colors_info=&#8221;{}&#8221;][\/et_pb_button][et_pb_button button_url=&#8221;https:\/\/icaa.pt\/ag-2015-convocatoria-assembleia-geral\/&#8221; url_new_window=&#8221;on&#8221; button_text=&#8221;Assembleia Geral 2015&#8243; button_alignment=&#8221;center&#8221; _builder_version=&#8221;4.24.0&#8243; _module_preset=&#8221;default&#8221; global_colors_info=&#8221;{}&#8221;][\/et_pb_button][et_pb_button button_url=&#8221;https:\/\/icaa.pt\/ag-2014-convocatoria-assembleia-geral\/&#8221; url_new_window=&#8221;on&#8221; button_text=&#8221;Assembleia Geral 2014&#8243; button_alignment=&#8221;center&#8221; _builder_version=&#8221;4.24.0&#8243; _module_preset=&#8221;default&#8221; global_colors_info=&#8221;{}&#8221;][\/et_pb_button][et_pb_button button_url=&#8221;https:\/\/icaa.pt\/ag-2013-convocatoria-assembleia-geral\/&#8221; url_new_window=&#8221;on&#8221; button_text=&#8221;Assembleia Geral 2013&#8243; button_alignment=&#8221;center&#8221; _builder_version=&#8221;4.24.0&#8243; _module_preset=&#8221;default&#8221; global_colors_info=&#8221;{}&#8221;][\/et_pb_button][\/et_pb_column][et_pb_column type=&#8221;1_3&#8243; _builder_version=&#8221;4.24.0&#8243; _module_preset=&#8221;default&#8221; global_colors_info=&#8221;{}&#8221;][et_pb_text _builder_version=&#8221;4.24.0&#8243; _module_preset=&#8221;default&#8221; text_font_size=&#8221;17px&#8221; header_2_text_color=&#8221;#34ABD6&#8243; custom_margin=&#8221;||50px||false|false&#8221; global_colors_info=&#8221;{}&#8221;]<\/p>\n<h2 style=\"text-align: center;\"><strong>Relat\u00f3rios de Atividades<\/strong><\/h2>\n<p>[\/et_pb_text][et_pb_button url_new_window=&#8221;on&#8221; button_text=&#8221;Relat\u00f3rio de Atividades 2024&#8243; button_alignment=&#8221;center&#8221; _builder_version=&#8221;4.27.4&#8243; _module_preset=&#8221;default&#8221; hover_enabled=&#8221;0&#8243; global_colors_info=&#8221;{}&#8221; sticky_enabled=&#8221;0&#8243;][\/et_pb_button][et_pb_button button_url=&#8221;https:\/\/icaa.pt\/ag-2024-relatorio-de-atividades-2023\/&#8221; url_new_window=&#8221;on&#8221; button_text=&#8221;Relat\u00f3rio de Atividades 2023&#8243; button_alignment=&#8221;center&#8221; _builder_version=&#8221;4.25.1&#8243; _module_preset=&#8221;default&#8221; global_colors_info=&#8221;{}&#8221;][\/et_pb_button][et_pb_button button_url=&#8221;https:\/\/icaa.pt\/ag-2023-relatorio-de-atividades-2022\/&#8221; url_new_window=&#8221;on&#8221; button_text=&#8221;Relat\u00f3rio de Atividades 2022&#8243; button_alignment=&#8221;center&#8221; _builder_version=&#8221;4.24.0&#8243; _module_preset=&#8221;default&#8221; global_colors_info=&#8221;{}&#8221;][\/et_pb_button][et_pb_button button_url=&#8221;https:\/\/icaa.pt\/ag-2022-relatorio-de-atividades-2021\/&#8221; url_new_window=&#8221;on&#8221; button_text=&#8221;Relat\u00f3rio de Atividades 2021&#8243; button_alignment=&#8221;center&#8221; _builder_version=&#8221;4.24.0&#8243; _module_preset=&#8221;default&#8221; global_colors_info=&#8221;{}&#8221;][\/et_pb_button][et_pb_button button_url=&#8221;https:\/\/icaa.pt\/ag-2021-relatorio-de-atividades-2020\/&#8221; url_new_window=&#8221;on&#8221; button_text=&#8221;Relat\u00f3rio de Atividades 2020&#8243; button_alignment=&#8221;center&#8221; _builder_version=&#8221;4.24.0&#8243; _module_preset=&#8221;default&#8221; global_colors_info=&#8221;{}&#8221;][\/et_pb_button][et_pb_button button_url=&#8221;https:\/\/icaa.pt\/ag-2020-relatorio-de-atividades-2019\/&#8221; url_new_window=&#8221;on&#8221; button_text=&#8221;Relat\u00f3rio de Atividades 2019&#8243; button_alignment=&#8221;center&#8221; _builder_version=&#8221;4.24.0&#8243; _module_preset=&#8221;default&#8221; global_colors_info=&#8221;{}&#8221;][\/et_pb_button][et_pb_button button_url=&#8221;https:\/\/icaa.pt\/ag-2019-relatorio-de-atividades-2018\/&#8221; url_new_window=&#8221;on&#8221; button_text=&#8221;Relat\u00f3rio de Atividades 2018&#8243; button_alignment=&#8221;center&#8221; _builder_version=&#8221;4.24.0&#8243; _module_preset=&#8221;default&#8221; global_colors_info=&#8221;{}&#8221;][\/et_pb_button][et_pb_button button_url=&#8221;https:\/\/icaa.pt\/ag-2018-relatorio-de-atividades-2017\/&#8221; url_new_window=&#8221;on&#8221; button_text=&#8221;Relat\u00f3rio de Atividades 2017&#8243; button_alignment=&#8221;center&#8221; _builder_version=&#8221;4.24.0&#8243; _module_preset=&#8221;default&#8221; global_colors_info=&#8221;{}&#8221;][\/et_pb_button][et_pb_button button_url=&#8221;https:\/\/icaa.pt\/ag-2017-relatorio-de-atividades-2016\/&#8221; url_new_window=&#8221;on&#8221; button_text=&#8221;Relat\u00f3rio de Atividades 2016&#8243; button_alignment=&#8221;center&#8221; _builder_version=&#8221;4.24.0&#8243; _module_preset=&#8221;default&#8221; global_colors_info=&#8221;{}&#8221;][\/et_pb_button][et_pb_button button_url=&#8221;https:\/\/icaa.pt\/ag-2016-relatorio-de-atividades-2015\/&#8221; url_new_window=&#8221;on&#8221; button_text=&#8221;Relat\u00f3rio de Atividades 2015&#8243; button_alignment=&#8221;center&#8221; _builder_version=&#8221;4.24.0&#8243; _module_preset=&#8221;default&#8221; global_colors_info=&#8221;{}&#8221;][\/et_pb_button][et_pb_button button_url=&#8221;https:\/\/icaa.pt\/ag-2015-relatorio-de-atividades-2014\/&#8221; url_new_window=&#8221;on&#8221; button_text=&#8221;Relat\u00f3rio de Atividades 2014&#8243; button_alignment=&#8221;center&#8221; _builder_version=&#8221;4.24.0&#8243; _module_preset=&#8221;default&#8221; global_colors_info=&#8221;{}&#8221;][\/et_pb_button][et_pb_button button_url=&#8221;https:\/\/icaa.pt\/ag-2014-relatorio-de-atividades-2013\/&#8221; url_new_window=&#8221;on&#8221; button_text=&#8221;Relat\u00f3rio de Atividades 2013&#8243; button_alignment=&#8221;center&#8221; _builder_version=&#8221;4.24.0&#8243; _module_preset=&#8221;default&#8221; global_colors_info=&#8221;{}&#8221;][\/et_pb_button][et_pb_button button_url=&#8221;https:\/\/icaa.pt\/ag-2013-relatorio-de-atividades-2012\/&#8221; url_new_window=&#8221;on&#8221; button_text=&#8221;Relat\u00f3rio de Atividades 2012&#8243; button_alignment=&#8221;center&#8221; _builder_version=&#8221;4.24.0&#8243; _module_preset=&#8221;default&#8221; global_colors_info=&#8221;{}&#8221;][\/et_pb_button][\/et_pb_column][et_pb_column type=&#8221;1_3&#8243; _builder_version=&#8221;4.24.0&#8243; _module_preset=&#8221;default&#8221; global_colors_info=&#8221;{}&#8221;][et_pb_text _builder_version=&#8221;4.24.0&#8243; _module_preset=&#8221;default&#8221; text_font_size=&#8221;17px&#8221; header_2_text_color=&#8221;#34ABD6&#8243; custom_margin=&#8221;||50px||false|false&#8221; global_colors_info=&#8221;{}&#8221;]<\/p>\n<h2 style=\"text-align: center;\"><strong>Relat\u00f3rios de Contas<\/strong><\/h2>\n<p>[\/et_pb_text][et_pb_button url_new_window=&#8221;on&#8221; button_text=&#8221;Relat\u00f3rio de Contas 2024&#8243; button_alignment=&#8221;center&#8221; _builder_version=&#8221;4.27.4&#8243; _module_preset=&#8221;default&#8221; hover_enabled=&#8221;0&#8243; global_colors_info=&#8221;{}&#8221; sticky_enabled=&#8221;0&#8243;][\/et_pb_button][et_pb_button button_url=&#8221;https:\/\/icaa.pt\/ag-2024-relatorio-contas-2023\/&#8221; url_new_window=&#8221;on&#8221; button_text=&#8221;Relat\u00f3rio de Contas 2023&#8243; button_alignment=&#8221;center&#8221; _builder_version=&#8221;4.25.1&#8243; _module_preset=&#8221;default&#8221; global_colors_info=&#8221;{}&#8221;][\/et_pb_button][et_pb_button button_url=&#8221;https:\/\/icaa.pt\/ag-2023-relatorio-contas-2022_\/&#8221; url_new_window=&#8221;on&#8221; button_text=&#8221;Relat\u00f3rio de Contas 2022&#8243; button_alignment=&#8221;center&#8221; _builder_version=&#8221;4.25.1&#8243; _module_preset=&#8221;default&#8221; global_colors_info=&#8221;{}&#8221;][\/et_pb_button][et_pb_button button_url=&#8221;https:\/\/icaa.pt\/ag-2022-relatorio-contas-2021\/&#8221; url_new_window=&#8221;on&#8221; button_text=&#8221;Relat\u00f3rio de Contas 2021&#8243; button_alignment=&#8221;center&#8221; _builder_version=&#8221;4.25.1&#8243; _module_preset=&#8221;default&#8221; global_colors_info=&#8221;{}&#8221;][\/et_pb_button][et_pb_button button_url=&#8221;https:\/\/icaa.pt\/ag-2021-relatorio-contas-2020\/&#8221; url_new_window=&#8221;on&#8221; button_text=&#8221;Relat\u00f3rio de Contas 2020&#8243; button_alignment=&#8221;center&#8221; _builder_version=&#8221;4.24.0&#8243; _module_preset=&#8221;default&#8221; global_colors_info=&#8221;{}&#8221;][\/et_pb_button][et_pb_button button_url=&#8221;https:\/\/icaa.pt\/ag-2020-relatorio-contas-2019\/&#8221; url_new_window=&#8221;on&#8221; button_text=&#8221;Relat\u00f3rio de Contas 2019&#8243; button_alignment=&#8221;center&#8221; _builder_version=&#8221;4.24.0&#8243; _module_preset=&#8221;default&#8221; global_colors_info=&#8221;{}&#8221;][\/et_pb_button][et_pb_button button_url=&#8221;https:\/\/icaa.pt\/ag-2019-relatorio-contas-2018\/&#8221; url_new_window=&#8221;on&#8221; button_text=&#8221;Relat\u00f3rio de Contas 2018&#8243; button_alignment=&#8221;center&#8221; _builder_version=&#8221;4.24.0&#8243; _module_preset=&#8221;default&#8221; global_colors_info=&#8221;{}&#8221;][\/et_pb_button][et_pb_button button_url=&#8221;https:\/\/icaa.pt\/ag-2018-relatorio-contas-2017\/&#8221; url_new_window=&#8221;on&#8221; button_text=&#8221;Relat\u00f3rio de Contas 2017&#8243; button_alignment=&#8221;center&#8221; _builder_version=&#8221;4.24.0&#8243; _module_preset=&#8221;default&#8221; global_colors_info=&#8221;{}&#8221;][\/et_pb_button][et_pb_button button_url=&#8221;https:\/\/icaa.pt\/ag-2017-relatorio-contas-2016\/&#8221; url_new_window=&#8221;on&#8221; button_text=&#8221;Relat\u00f3rio de Contas 2016&#8243; button_alignment=&#8221;center&#8221; _builder_version=&#8221;4.24.0&#8243; _module_preset=&#8221;default&#8221; global_colors_info=&#8221;{}&#8221;][\/et_pb_button][et_pb_button button_url=&#8221;https:\/\/icaa.pt\/ag-2016-relatorio-contas-2015\/&#8221; url_new_window=&#8221;on&#8221; button_text=&#8221;Relat\u00f3rio de Contas 2015&#8243; button_alignment=&#8221;center&#8221; _builder_version=&#8221;4.24.0&#8243; _module_preset=&#8221;default&#8221; global_colors_info=&#8221;{}&#8221;][\/et_pb_button][et_pb_button button_url=&#8221;https:\/\/icaa.pt\/ag-2015-relatorio-contas-2014\/&#8221; url_new_window=&#8221;on&#8221; button_text=&#8221;Relat\u00f3rio de Contas 2014&#8243; button_alignment=&#8221;center&#8221; _builder_version=&#8221;4.24.0&#8243; _module_preset=&#8221;default&#8221; global_colors_info=&#8221;{}&#8221;][\/et_pb_button][et_pb_button button_url=&#8221;https:\/\/icaa.pt\/ag-2014-relatorio-contas-2013\/&#8221; url_new_window=&#8221;on&#8221; button_text=&#8221;Relat\u00f3rio de Contas 2013&#8243; button_alignment=&#8221;center&#8221; _builder_version=&#8221;4.24.0&#8243; _module_preset=&#8221;default&#8221; global_colors_info=&#8221;{}&#8221;][\/et_pb_button][et_pb_button button_url=&#8221;https:\/\/icaa.pt\/ag-2013-relatorio-contas-2012\/&#8221; url_new_window=&#8221;on&#8221; button_text=&#8221;Relat\u00f3rio de Contas 2012&#8243; button_alignment=&#8221;center&#8221; _builder_version=&#8221;4.24.0&#8243; _module_preset=&#8221;default&#8221; global_colors_info=&#8221;{}&#8221;][\/et_pb_button][\/et_pb_column][\/et_pb_row][\/et_pb_section]<\/p>\n","protected":false},"excerpt":{"rendered":"<p>Relat\u00f3rios AnuaisConvocat\u00f3riasRelat\u00f3rios de AtividadesRelat\u00f3rios de Contas<\/p>","protected":false},"author":1,"featured_media":30462,"parent":0,"menu_order":0,"comment_status":"closed","ping_status":"closed","template":"","meta":{"_et_pb_use_builder":"on","_et_pb_old_content":"","_et_gb_content_width":"","footnotes":""},"class_list":["post-30393","page","type-page","status-publish","has-post-thumbnail","hentry"],"aioseo_notices":[],"_links":{"self":[{"href":"https:\/\/icaa.pt\/en\/wp-json\/wp\/v2\/pages\/30393","targetHints":{"allow":["GET"]}}],"collection":[{"href":"https:\/\/icaa.pt\/en\/wp-json\/wp\/v2\/pages"}],"about":[{"href":"https:\/\/icaa.pt\/en\/wp-json\/wp\/v2\/types\/page"}],"author":[{"embeddable":true,"href":"https:\/\/icaa.pt\/en\/wp-json\/wp\/v2\/users\/1"}],"replies":[{"embeddable":true,"href":"https:\/\/icaa.pt\/en\/wp-json\/wp\/v2\/comments?post=30393"}],"version-history":[{"count":16,"href":"https:\/\/icaa.pt\/en\/wp-json\/wp\/v2\/pages\/30393\/revisions"}],"predecessor-version":[{"id":31689,"href":"https:\/\/icaa.pt\/en\/wp-json\/wp\/v2\/pages\/30393\/revisions\/31689"}],"wp:featuredmedia":[{"embeddable":true,"href":"https:\/\/icaa.pt\/en\/wp-json\/wp\/v2\/media\/30462"}],"wp:attachment":[{"href":"https:\/\/icaa.pt\/en\/wp-json\/wp\/v2\/media?parent=30393"}],"curies":[{"name":"wp","href":"https:\/\/api.w.org\/{rel}","templated":true}]}}